{"id":11,"date":"2025-01-07T17:18:15","date_gmt":"2025-01-07T17:18:15","guid":{"rendered":"https:\/\/clinicapopulardobrasil.com.br\/?page_id=11"},"modified":"2025-01-20T12:33:33","modified_gmt":"2025-01-20T12:33:33","slug":"inicio","status":"publish","type":"page","link":"https:\/\/clinicapopulardobrasil.com.br\/","title":{"rendered":"In\u00edcio"},"content":{"rendered":"\t\t<div data-elementor-type=\"wp-page\" data-elementor-id=\"11\" class=\"elementor elementor-11\" data-elementor-settings=\"{&quot;ha_cmc_init_switcher&quot;:&quot;no&quot;}\">\n\t\t\t\t<div class=\"elementor-element elementor-element-5d5ddd4 e-con-full e-flex e-con e-parent\" data-id=\"5d5ddd4\" data-element_type=\"container\" data-settings=\"{&quot;background_background&quot;:&quot;classic&quot;,&quot;_ha_eqh_enable&quot;:false}\">\n\t\t<div class=\"elementor-element elementor-element-2250fb6 e-con-full e-flex e-con e-child\" data-id=\"2250fb6\" data-element_type=\"container\" data-settings=\"{&quot;_ha_eqh_enable&quot;:false}\">\n\t\t\t\t<div class=\"elementor-element elementor-element-82880c6 elementor-widget__width-initial elementor-widget elementor-widget-heading\" data-id=\"82880c6\" data-element_type=\"widget\" data-widget_type=\"heading.default\">\n\t\t\t\t<div class=\"elementor-widget-container\">\n\t\t\t\t\t<h2 class=\"elementor-heading-title elementor-size-default\">FA\u00c7A J\u00c1 A SUA SUA  CONSULTA!<\/h2>\t\t\t\t<\/div>\n\t\t\t\t<\/div>\n\t\t\t\t<div class=\"elementor-element elementor-element-e55c639 elementor-widget__width-initial elementor-widget elementor-widget-heading\" data-id=\"e55c639\" data-element_type=\"widget\" data-widget_type=\"heading.default\">\n\t\t\t\t<div class=\"elementor-widget-container\">\n\t\t\t\t\t<h2 class=\"elementor-heading-title elementor-size-default\">Consultas m\u00e9dicas acess\u00edveis para voc\u00ea e sua fam\u00edlia. Agende hoje mesmo e cuide da sua sa\u00fade sem pesar no bolso.<\/h2>\t\t\t\t<\/div>\n\t\t\t\t<\/div>\n\t\t\t\t<div class=\"elementor-element elementor-element-2f10154 elementor-widget elementor-widget-button\" data-id=\"2f10154\" data-element_type=\"widget\" data-widget_type=\"button.default\">\n\t\t\t\t<div class=\"elementor-widget-container\">\n\t\t\t\t\t\t\t\t\t<div class=\"elementor-button-wrapper\">\n\t\t\t\t\t<a class=\"elementor-button elementor-button-link elementor-size-sm\" href=\"https:\/\/api.whatsapp.com\/send\/?phone=5575998393156&#038;text=Ol%C3%A1%2C+quero+agendar+uma+consulta%21&#038;type=phone_number&#038;app_absent=0\">\n\t\t\t\t\t\t<span class=\"elementor-button-content-wrapper\">\n\t\t\t\t\t\t<span class=\"elementor-button-icon\">\n\t\t\t\t<svg aria-hidden=\"true\" class=\"e-font-icon-svg e-fab-whatsapp-square\" viewBox=\"0 0 448 512\" xmlns=\"http:\/\/www.w3.org\/2000\/svg\"><path d=\"M224 122.8c-72.7 0-131.8 59.1-131.9 131.8 0 24.9 7 49.2 20.2 70.1l3.1 5-13.3 48.6 49.9-13.1 4.8 2.9c20.2 12 43.4 18.4 67.1 18.4h.1c72.6 0 133.3-59.1 133.3-131.8 0-35.2-15.2-68.3-40.1-93.2-25-25-58-38.7-93.2-38.7zm77.5 188.4c-3.3 9.3-19.1 17.7-26.7 18.8-12.6 1.9-22.4.9-47.5-9.9-39.7-17.2-65.7-57.2-67.7-59.8-2-2.6-16.2-21.5-16.2-41s10.2-29.1 13.9-33.1c3.6-4 7.9-5 10.6-5 2.6 0 5.3 0 7.6.1 2.4.1 5.7-.9 8.9 6.8 3.3 7.9 11.2 27.4 12.2 29.4s1.7 4.3.3 6.9c-7.6 15.2-15.7 14.6-11.6 21.6 15.3 26.3 30.6 35.4 53.9 47.1 4 2 6.3 1.7 8.6-1 2.3-2.6 9.9-11.6 12.5-15.5 2.6-4 5.3-3.3 8.9-2 3.6 1.3 23.1 10.9 27.1 12.9s6.6 3 7.6 4.6c.9 1.9.9 9.9-2.4 19.1zM400 32H48C21.5 32 0 53.5 0 80v352c0 26.5 21.5 48 48 48h352c26.5 0 48-21.5 48-48V80c0-26.5-21.5-48-48-48zM223.9 413.2c-26.6 0-52.7-6.7-75.8-19.3L64 416l22.5-82.2c-13.9-24-21.2-51.3-21.2-79.3C65.4 167.1 136.5 96 223.9 96c42.4 0 82.2 16.5 112.2 46.5 29.9 30 47.9 69.8 47.9 112.2 0 87.4-72.7 158.5-160.1 158.5z\"><\/path><\/svg>\t\t\t<\/span>\n\t\t\t\t\t\t\t\t\t<span class=\"elementor-button-text\">Fale conosoco!<\/span>\n\t\t\t\t\t<\/span>\n\t\t\t\t\t<\/a>\n\t\t\t\t<\/div>\n\t\t\t\t\t\t\t\t<\/div>\n\t\t\t\t<\/div>\n\t\t\t\t<\/div>\n\t\t<div class=\"elementor-element elementor-element-2012eab e-con-full e-flex e-con e-child\" data-id=\"2012eab\" data-element_type=\"container\" data-settings=\"{&quot;_ha_eqh_enable&quot;:false}\">\n\t\t\t\t<\/div>\n\t\t\t\t<\/div>\n\t\t<div class=\"elementor-element elementor-element-b3afdac e-flex e-con-boxed e-con e-parent\" data-id=\"b3afdac\" data-element_type=\"container\" data-settings=\"{&quot;_ha_eqh_enable&quot;:false}\">\n\t\t\t\t\t<div class=\"e-con-inner\">\n\t\t<div class=\"elementor-element elementor-element-8900b2b e-con-full e-flex e-con e-child\" data-id=\"8900b2b\" data-element_type=\"container\" data-settings=\"{&quot;_ha_eqh_enable&quot;:false}\">\n\t\t\t\t<div class=\"elementor-element elementor-element-82166d2 elementor-widget elementor-widget-heading\" data-id=\"82166d2\" data-element_type=\"widget\" data-widget_type=\"heading.default\">\n\t\t\t\t<div class=\"elementor-widget-container\">\n\t\t\t\t\t<h2 class=\"elementor-heading-title elementor-size-default\">Sobre n\u00f3s<\/h2>\t\t\t\t<\/div>\n\t\t\t\t<\/div>\n\t\t\t\t<div class=\"elementor-element elementor-element-92ec4f1 elementor-widget elementor-widget-heading\" data-id=\"92ec4f1\" data-element_type=\"widget\" data-widget_type=\"heading.default\">\n\t\t\t\t<div class=\"elementor-widget-container\">\n\t\t\t\t\t<h2 class=\"elementor-heading-title elementor-size-default\">A Cl\u00ednica Popular foi criada para oferecer servi\u00e7os de sa\u00fade de qualidade com pre\u00e7os acess\u00edveis, garantindo o cuidado que voc\u00ea e sua fam\u00edlia merecem, sem pesar no bolso. Com uma estrutura moderna e uma equipe qualificada, estamos prontos para atender \u00e0s suas necessidades com rapidez, efici\u00eancia e respeito.<\/h2>\t\t\t\t<\/div>\n\t\t\t\t<\/div>\n\t\t\t\t<div class=\"elementor-element elementor-element-2ba2afa elementor-widget elementor-widget-heading\" data-id=\"2ba2afa\" data-element_type=\"widget\" data-widget_type=\"heading.default\">\n\t\t\t\t<div class=\"elementor-widget-container\">\n\t\t\t\t\t<h2 class=\"elementor-heading-title elementor-size-default\">O que oferecemos:\n<\/h2>\t\t\t\t<\/div>\n\t\t\t\t<\/div>\n\t\t\t\t<div class=\"elementor-element elementor-element-a284cf8 elementor-widget elementor-widget-heading\" data-id=\"a284cf8\" data-element_type=\"widget\" data-widget_type=\"heading.default\">\n\t\t\t\t<div class=\"elementor-widget-container\">\n\t\t\t\t\t<h2 class=\"elementor-heading-title elementor-size-default\">Consultas m\u00e9dicas: Diversas especialidades com agendamento f\u00e1cil e r\u00e1pido.<\/h2>\t\t\t\t<\/div>\n\t\t\t\t<\/div>\n\t\t\t\t<div class=\"elementor-element elementor-element-22528eb elementor-widget elementor-widget-heading\" data-id=\"22528eb\" data-element_type=\"widget\" data-widget_type=\"heading.default\">\n\t\t\t\t<div class=\"elementor-widget-container\">\n\t\t\t\t\t<h2 class=\"elementor-heading-title elementor-size-default\">Exames laboratoriais e de imagem: Com tecnologia atualizada e resultados confi\u00e1veis.<\/h2>\t\t\t\t<\/div>\n\t\t\t\t<\/div>\n\t\t\t\t<div class=\"elementor-element elementor-element-9394c19 elementor-widget elementor-widget-heading\" data-id=\"9394c19\" data-element_type=\"widget\" data-widget_type=\"heading.default\">\n\t\t\t\t<div class=\"elementor-widget-container\">\n\t\t\t\t\t<h2 class=\"elementor-heading-title elementor-size-default\">Procedimentos ambulatoriais: Cuidados simples realizados com seguran\u00e7a e qualidade.<\/h2>\t\t\t\t<\/div>\n\t\t\t\t<\/div>\n\t\t\t\t<div class=\"elementor-element elementor-element-92798d0 elementor-widget elementor-widget-heading\" data-id=\"92798d0\" data-element_type=\"widget\" data-widget_type=\"heading.default\">\n\t\t\t\t<div class=\"elementor-widget-container\">\n\t\t\t\t\t<h2 class=\"elementor-heading-title elementor-size-default\">Atendimento imediato: Para pequenas urg\u00eancias e emerg\u00eancias do dia a dia.<\/h2>\t\t\t\t<\/div>\n\t\t\t\t<\/div>\n\t\t\t\t<div class=\"elementor-element elementor-element-b6b0df6 elementor-widget elementor-widget-heading\" data-id=\"b6b0df6\" data-element_type=\"widget\" data-widget_type=\"heading.default\">\n\t\t\t\t<div class=\"elementor-widget-container\">\n\t\t\t\t\t<h2 class=\"elementor-heading-title elementor-size-default\">Nossa miss\u00e3o \u00e9 democratizar o acesso \u00e0 sa\u00fade, oferecendo servi\u00e7os de qualidade para todos. Aqui, voc\u00ea \u00e9 atendido com respeito, aten\u00e7\u00e3o e um sorriso no rosto, porque cuidar de voc\u00ea \u00e9 a nossa prioridade.\n\nFuncionamos de segunda a s\u00e1bado, com hor\u00e1rios flex\u00edveis para se adaptar \u00e0 sua rotina.\n\nSa\u00fade acess\u00edvel, com o carinho e a qualidade que voc\u00ea merece.\nQuando precisar, conte conosco!<\/h2>\t\t\t\t<\/div>\n\t\t\t\t<\/div>\n\t\t\t\t<\/div>\n\t\t<div class=\"elementor-element elementor-element-2ec1442 e-con-full e-flex e-con e-child\" data-id=\"2ec1442\" data-element_type=\"container\" data-settings=\"{&quot;_ha_eqh_enable&quot;:false}\">\n\t\t\t\t<div class=\"elementor-element elementor-element-09d9e4d elementor-widget elementor-widget-image\" data-id=\"09d9e4d\" data-element_type=\"widget\" data-widget_type=\"image.default\">\n\t\t\t\t<div class=\"elementor-widget-container\">\n\t\t\t\t\t\t\t\t\t\t\t\t\t\t\t<img fetchpriority=\"high\" decoding=\"async\" width=\"800\" height=\"640\" src=\"https:\/\/clinicapopulardobrasil.com.br\/wp-content\/uploads\/2025\/01\/comunicado-2500-x-2000-px-1024x819.jpg\" class=\"attachment-large size-large wp-image-89\" alt=\"\" srcset=\"https:\/\/clinicapopulardobrasil.com.br\/wp-content\/uploads\/2025\/01\/comunicado-2500-x-2000-px-1024x819.jpg 1024w, https:\/\/clinicapopulardobrasil.com.br\/wp-content\/uploads\/2025\/01\/comunicado-2500-x-2000-px-300x240.jpg 300w, https:\/\/clinicapopulardobrasil.com.br\/wp-content\/uploads\/2025\/01\/comunicado-2500-x-2000-px-768x614.jpg 768w, https:\/\/clinicapopulardobrasil.com.br\/wp-content\/uploads\/2025\/01\/comunicado-2500-x-2000-px-1536x1229.jpg 1536w, https:\/\/clinicapopulardobrasil.com.br\/wp-content\/uploads\/2025\/01\/comunicado-2500-x-2000-px-2048x1638.jpg 2048w\" sizes=\"(max-width: 800px) 100vw, 800px\" \/>\t\t\t\t\t\t\t\t\t\t\t\t\t\t\t<\/div>\n\t\t\t\t<\/div>\n\t\t\t\t<\/div>\n\t\t\t\t\t<\/div>\n\t\t\t\t<\/div>\n\t\t<div class=\"elementor-element elementor-element-051e5b0 e-flex e-con-boxed e-con e-parent\" data-id=\"051e5b0\" data-element_type=\"container\" data-settings=\"{&quot;_ha_eqh_enable&quot;:false}\">\n\t\t\t\t\t<div class=\"e-con-inner\">\n\t\t\t\t<div class=\"elementor-element elementor-element-4e45864 elementor-widget elementor-widget-heading\" data-id=\"4e45864\" data-element_type=\"widget\" data-widget_type=\"heading.default\">\n\t\t\t\t<div class=\"elementor-widget-container\">\n\t\t\t\t\t<h2 class=\"elementor-heading-title elementor-size-default\">LOCALIZA\u00c7\u00c3O<\/h2>\t\t\t\t<\/div>\n\t\t\t\t<\/div>\n\t\t\t\t\t<\/div>\n\t\t\t\t<\/div>\n\t\t<div class=\"elementor-element elementor-element-8d3dc35 e-flex e-con-boxed e-con e-parent\" data-id=\"8d3dc35\" data-element_type=\"container\" data-settings=\"{&quot;_ha_eqh_enable&quot;:false}\">\n\t\t\t\t\t<div class=\"e-con-inner\">\n\t\t\t\t<div class=\"elementor-element elementor-element-408863b elementor-widget elementor-widget-google_maps\" data-id=\"408863b\" data-element_type=\"widget\" data-widget_type=\"google_maps.default\">\n\t\t\t\t<div class=\"elementor-widget-container\">\n\t\t\t\t\t\t\t<div class=\"elementor-custom-embed\">\n\t\t\t<iframe loading=\"lazy\"\n\t\t\t\t\tsrc=\"https:\/\/maps.google.com\/maps?q=Cl%C3%ADnica%20Popular%20do%20Brasil%2C%2046880-000%20Centro%2C%20Itaberaba%20-%20BA%2C%2046880-000&#038;t=m&#038;z=10&#038;output=embed&#038;iwloc=near\"\n\t\t\t\t\ttitle=\"Cl\u00ednica Popular do Brasil, 46880-000 Centro, Itaberaba - BA, 46880-000\"\n\t\t\t\t\taria-label=\"Cl\u00ednica Popular do Brasil, 46880-000 Centro, Itaberaba - BA, 46880-000\"\n\t\t\t><\/iframe>\n\t\t<\/div>\n\t\t\t\t\t\t<\/div>\n\t\t\t\t<\/div>\n\t\t\t\t\t<\/div>\n\t\t\t\t<\/div>\n\t\t\t\t<\/div>\n\t\t","protected":false},"excerpt":{"rendered":"<p>FA\u00c7A J\u00c1 A SUA SUA CONSULTA! Consultas m\u00e9dicas acess\u00edveis para voc\u00ea e sua fam\u00edlia. Agende hoje mesmo e cuide da sua sa\u00fade sem pesar no bolso. Fale conosoco! Sobre n\u00f3s A Cl\u00ednica Popular foi criada para oferecer servi\u00e7os de sa\u00fade de qualidade com pre\u00e7os acess\u00edveis, garantindo o cuidado que voc\u00ea e sua fam\u00edlia merecem, sem [&hellip;]<\/p>\n","protected":false},"author":1,"featured_media":0,"parent":0,"menu_order":0,"comment_status":"closed","ping_status":"closed","template":"","meta":{"footnotes":""},"class_list":["post-11","page","type-page","status-publish","hentry"],"_links":{"self":[{"href":"https:\/\/clinicapopulardobrasil.com.br\/index.php?rest_route=\/wp\/v2\/pages\/11","targetHints":{"allow":["GET"]}}],"collection":[{"href":"https:\/\/clinicapopulardobrasil.com.br\/index.php?rest_route=\/wp\/v2\/pages"}],"about":[{"href":"https:\/\/clinicapopulardobrasil.com.br\/index.php?rest_route=\/wp\/v2\/types\/page"}],"author":[{"embeddable":true,"href":"https:\/\/clinicapopulardobrasil.com.br\/index.php?rest_route=\/wp\/v2\/users\/1"}],"replies":[{"embeddable":true,"href":"https:\/\/clinicapopulardobrasil.com.br\/index.php?rest_route=%2Fwp%2Fv2%2Fcomments&post=11"}],"version-history":[{"count":16,"href":"https:\/\/clinicapopulardobrasil.com.br\/index.php?rest_route=\/wp\/v2\/pages\/11\/revisions"}],"predecessor-version":[{"id":92,"href":"https:\/\/clinicapopulardobrasil.com.br\/index.php?rest_route=\/wp\/v2\/pages\/11\/revisions\/92"}],"wp:attachment":[{"href":"https:\/\/clinicapopulardobrasil.com.br\/index.php?rest_route=%2Fwp%2Fv2%2Fmedia&parent=11"}],"curies":[{"name":"wp","href":"https:\/\/api.w.org\/{rel}","templated":true}]}}