{"id":16,"date":"2025-01-07T17:18:41","date_gmt":"2025-01-07T17:18:41","guid":{"rendered":"https:\/\/clinicapopulardobrasil.com.br\/?page_id=16"},"modified":"2025-01-20T12:50:27","modified_gmt":"2025-01-20T12:50:27","slug":"sobre","status":"publish","type":"page","link":"https:\/\/clinicapopulardobrasil.com.br\/?page_id=16","title":{"rendered":"Sobre"},"content":{"rendered":"\t\t<div data-elementor-type=\"wp-page\" data-elementor-id=\"16\" class=\"elementor elementor-16\" data-elementor-settings=\"{&quot;ha_cmc_init_switcher&quot;:&quot;no&quot;}\">\n\t\t\t\t<div class=\"elementor-element elementor-element-68fc6ad e-flex e-con-boxed e-con e-parent\" data-id=\"68fc6ad\" data-element_type=\"container\" data-settings=\"{&quot;_ha_eqh_enable&quot;:false}\">\n\t\t\t\t\t<div class=\"e-con-inner\">\n\t\t<div class=\"elementor-element elementor-element-d309126 e-con-full e-flex e-con e-child\" data-id=\"d309126\" data-element_type=\"container\" data-settings=\"{&quot;_ha_eqh_enable&quot;:false}\">\n\t\t\t\t<div class=\"elementor-element elementor-element-c92994e elementor-widget elementor-widget-heading\" data-id=\"c92994e\" data-element_type=\"widget\" data-widget_type=\"heading.default\">\n\t\t\t\t<div class=\"elementor-widget-container\">\n\t\t\t\t\t<h2 class=\"elementor-heading-title elementor-size-default\">Sobre n\u00f3s<\/h2>\t\t\t\t<\/div>\n\t\t\t\t<\/div>\n\t\t\t\t<div class=\"elementor-element elementor-element-a250a77 elementor-widget elementor-widget-heading\" data-id=\"a250a77\" data-element_type=\"widget\" data-widget_type=\"heading.default\">\n\t\t\t\t<div class=\"elementor-widget-container\">\n\t\t\t\t\t<h2 class=\"elementor-heading-title elementor-size-default\">A Cl\u00ednica Popular foi criada para oferecer servi\u00e7os de sa\u00fade de qualidade com pre\u00e7os acess\u00edveis, garantindo o cuidado que voc\u00ea e sua fam\u00edlia merecem, sem pesar no bolso. Com uma estrutura moderna e uma equipe qualificada, estamos prontos para atender \u00e0s suas necessidades com rapidez, efici\u00eancia e respeito.<\/h2>\t\t\t\t<\/div>\n\t\t\t\t<\/div>\n\t\t\t\t<div class=\"elementor-element elementor-element-917f0ff elementor-widget elementor-widget-heading\" data-id=\"917f0ff\" data-element_type=\"widget\" data-widget_type=\"heading.default\">\n\t\t\t\t<div class=\"elementor-widget-container\">\n\t\t\t\t\t<h2 class=\"elementor-heading-title elementor-size-default\">O que oferecemos:\n<\/h2>\t\t\t\t<\/div>\n\t\t\t\t<\/div>\n\t\t\t\t<div class=\"elementor-element elementor-element-284eb83 elementor-widget elementor-widget-heading\" data-id=\"284eb83\" data-element_type=\"widget\" data-widget_type=\"heading.default\">\n\t\t\t\t<div class=\"elementor-widget-container\">\n\t\t\t\t\t<h2 class=\"elementor-heading-title elementor-size-default\">Consultas m\u00e9dicas: Diversas especialidades com agendamento f\u00e1cil e r\u00e1pido.<\/h2>\t\t\t\t<\/div>\n\t\t\t\t<\/div>\n\t\t\t\t<div class=\"elementor-element elementor-element-ed3ca8a elementor-widget elementor-widget-heading\" data-id=\"ed3ca8a\" data-element_type=\"widget\" data-widget_type=\"heading.default\">\n\t\t\t\t<div class=\"elementor-widget-container\">\n\t\t\t\t\t<h2 class=\"elementor-heading-title elementor-size-default\">Exames laboratoriais e de imagem: Com tecnologia atualizada e resultados confi\u00e1veis.<\/h2>\t\t\t\t<\/div>\n\t\t\t\t<\/div>\n\t\t\t\t<div class=\"elementor-element elementor-element-a8bf6ad elementor-widget elementor-widget-heading\" data-id=\"a8bf6ad\" data-element_type=\"widget\" data-widget_type=\"heading.default\">\n\t\t\t\t<div class=\"elementor-widget-container\">\n\t\t\t\t\t<h2 class=\"elementor-heading-title elementor-size-default\">Procedimentos ambulatoriais: Cuidados simples realizados com seguran\u00e7a e qualidade.<\/h2>\t\t\t\t<\/div>\n\t\t\t\t<\/div>\n\t\t\t\t<div class=\"elementor-element elementor-element-3072f0e elementor-widget elementor-widget-heading\" data-id=\"3072f0e\" data-element_type=\"widget\" data-widget_type=\"heading.default\">\n\t\t\t\t<div class=\"elementor-widget-container\">\n\t\t\t\t\t<h2 class=\"elementor-heading-title elementor-size-default\">Atendimento imediato: Para pequenas urg\u00eancias e emerg\u00eancias do dia a dia.<\/h2>\t\t\t\t<\/div>\n\t\t\t\t<\/div>\n\t\t\t\t<div class=\"elementor-element elementor-element-b080d65 elementor-widget elementor-widget-heading\" data-id=\"b080d65\" data-element_type=\"widget\" data-widget_type=\"heading.default\">\n\t\t\t\t<div class=\"elementor-widget-container\">\n\t\t\t\t\t<h2 class=\"elementor-heading-title elementor-size-default\">Nossa miss\u00e3o \u00e9 democratizar o acesso \u00e0 sa\u00fade, oferecendo servi\u00e7os de qualidade para todos. Aqui, voc\u00ea \u00e9 atendido com respeito, aten\u00e7\u00e3o e um sorriso no rosto, porque cuidar de voc\u00ea \u00e9 a nossa prioridade.\n\nFuncionamos de segunda a s\u00e1bado, com hor\u00e1rios flex\u00edveis para se adaptar \u00e0 sua rotina.\n\nSa\u00fade acess\u00edvel, com o carinho e a qualidade que voc\u00ea merece.\nQuando precisar, conte conosco!<\/h2>\t\t\t\t<\/div>\n\t\t\t\t<\/div>\n\t\t\t\t<\/div>\n\t\t<div class=\"elementor-element elementor-element-637657c e-con-full e-flex e-con e-child\" data-id=\"637657c\" data-element_type=\"container\" data-settings=\"{&quot;_ha_eqh_enable&quot;:false}\">\n\t\t\t\t<div class=\"elementor-element elementor-element-83594ea elementor-widget elementor-widget-image\" data-id=\"83594ea\" data-element_type=\"widget\" data-widget_type=\"image.default\">\n\t\t\t\t<div class=\"elementor-widget-container\">\n\t\t\t\t\t\t\t\t\t\t\t\t\t\t\t<img fetchpriority=\"high\" decoding=\"async\" width=\"800\" height=\"640\" src=\"https:\/\/clinicapopulardobrasil.com.br\/wp-content\/uploads\/2025\/01\/comunicado-2500-x-2000-px-1024x819.jpg\" class=\"attachment-large size-large wp-image-89\" alt=\"\" srcset=\"https:\/\/clinicapopulardobrasil.com.br\/wp-content\/uploads\/2025\/01\/comunicado-2500-x-2000-px-1024x819.jpg 1024w, https:\/\/clinicapopulardobrasil.com.br\/wp-content\/uploads\/2025\/01\/comunicado-2500-x-2000-px-300x240.jpg 300w, https:\/\/clinicapopulardobrasil.com.br\/wp-content\/uploads\/2025\/01\/comunicado-2500-x-2000-px-768x614.jpg 768w, https:\/\/clinicapopulardobrasil.com.br\/wp-content\/uploads\/2025\/01\/comunicado-2500-x-2000-px-1536x1229.jpg 1536w, https:\/\/clinicapopulardobrasil.com.br\/wp-content\/uploads\/2025\/01\/comunicado-2500-x-2000-px-2048x1638.jpg 2048w\" sizes=\"(max-width: 800px) 100vw, 800px\" \/>\t\t\t\t\t\t\t\t\t\t\t\t\t\t\t<\/div>\n\t\t\t\t<\/div>\n\t\t\t\t<\/div>\n\t\t\t\t\t<\/div>\n\t\t\t\t<\/div>\n\t\t<div class=\"elementor-element elementor-element-3bafc16 e-flex e-con-boxed e-con e-parent\" data-id=\"3bafc16\" data-element_type=\"container\" data-settings=\"{&quot;_ha_eqh_enable&quot;:false}\">\n\t\t\t\t\t<div class=\"e-con-inner\">\n\t\t\t\t<div class=\"elementor-element elementor-element-af391d9 elementor-arrows-position-inside elementor-pagination-position-outside elementor-widget elementor-widget-image-carousel\" data-id=\"af391d9\" data-element_type=\"widget\" data-settings=\"{&quot;slides_to_show&quot;:&quot;1&quot;,&quot;navigation&quot;:&quot;both&quot;,&quot;autoplay&quot;:&quot;yes&quot;,&quot;pause_on_hover&quot;:&quot;yes&quot;,&quot;pause_on_interaction&quot;:&quot;yes&quot;,&quot;autoplay_speed&quot;:5000,&quot;infinite&quot;:&quot;yes&quot;,&quot;effect&quot;:&quot;slide&quot;,&quot;speed&quot;:500}\" data-widget_type=\"image-carousel.default\">\n\t\t\t\t<div class=\"elementor-widget-container\">\n\t\t\t\t\t\t\t<div class=\"elementor-image-carousel-wrapper swiper\" role=\"region\" aria-roledescription=\"carousel\" aria-label=\"Carrossel de imagens\" dir=\"ltr\">\n\t\t\t<div class=\"elementor-image-carousel swiper-wrapper\" aria-live=\"off\">\n\t\t\t\t\t\t\t\t<div class=\"swiper-slide\" role=\"group\" aria-roledescription=\"slide\" aria-label=\"1 de 2\"><figure class=\"swiper-slide-inner\"><img decoding=\"async\" class=\"swiper-slide-image\" src=\"https:\/\/clinicapopulardobrasil.com.br\/wp-content\/uploads\/2025\/01\/BANNER-SITE-3.png\" alt=\"BANNER SITE (3)\" \/><\/figure><\/div><div class=\"swiper-slide\" role=\"group\" aria-roledescription=\"slide\" aria-label=\"2 de 2\"><figure class=\"swiper-slide-inner\"><img decoding=\"async\" class=\"swiper-slide-image\" src=\"https:\/\/clinicapopulardobrasil.com.br\/wp-content\/uploads\/2025\/01\/15.png\" alt=\"15\" \/><\/figure><\/div>\t\t\t<\/div>\n\t\t\t\t\t\t\t\t\t\t\t\t<div class=\"elementor-swiper-button elementor-swiper-button-prev\" role=\"button\" tabindex=\"0\">\n\t\t\t\t\t\t<svg aria-hidden=\"true\" class=\"e-font-icon-svg e-eicon-chevron-left\" viewBox=\"0 0 1000 1000\" xmlns=\"http:\/\/www.w3.org\/2000\/svg\"><path d=\"M646 125C629 125 613 133 604 142L308 442C296 454 292 471 292 487 292 504 296 521 308 533L604 854C617 867 629 875 646 875 663 875 679 871 692 858 704 846 713 829 713 812 713 796 708 779 692 767L438 487 692 225C700 217 708 204 708 187 708 171 704 154 692 142 675 129 663 125 646 125Z\"><\/path><\/svg>\t\t\t\t\t<\/div>\n\t\t\t\t\t<div class=\"elementor-swiper-button elementor-swiper-button-next\" role=\"button\" tabindex=\"0\">\n\t\t\t\t\t\t<svg aria-hidden=\"true\" class=\"e-font-icon-svg e-eicon-chevron-right\" viewBox=\"0 0 1000 1000\" xmlns=\"http:\/\/www.w3.org\/2000\/svg\"><path d=\"M696 533C708 521 713 504 713 487 713 471 708 454 696 446L400 146C388 133 375 125 354 125 338 125 325 129 313 142 300 154 292 171 292 187 292 204 296 221 308 233L563 492 304 771C292 783 288 800 288 817 288 833 296 850 308 863 321 871 338 875 354 875 371 875 388 867 400 854L696 533Z\"><\/path><\/svg>\t\t\t\t\t<\/div>\n\t\t\t\t\n\t\t\t\t\t\t\t\t\t<div class=\"swiper-pagination\"><\/div>\n\t\t\t\t\t\t\t\t\t<\/div>\n\t\t\t\t\t\t<\/div>\n\t\t\t\t<\/div>\n\t\t\t\t\t<\/div>\n\t\t\t\t<\/div>\n\t\t<div class=\"elementor-element elementor-element-7267171 e-flex e-con-boxed e-con e-parent\" data-id=\"7267171\" data-element_type=\"container\" data-settings=\"{&quot;_ha_eqh_enable&quot;:false}\">\n\t\t\t\t\t<div class=\"e-con-inner\">\n\t\t\t\t<div class=\"elementor-element elementor-element-63f5fed elementor-widget elementor-widget-heading\" data-id=\"63f5fed\" data-element_type=\"widget\" data-widget_type=\"heading.default\">\n\t\t\t\t<div class=\"elementor-widget-container\">\n\t\t\t\t\t<h2 class=\"elementor-heading-title elementor-size-default\">LOCALIZA\u00c7\u00c3O<\/h2>\t\t\t\t<\/div>\n\t\t\t\t<\/div>\n\t\t\t\t\t<\/div>\n\t\t\t\t<\/div>\n\t\t<div class=\"elementor-element elementor-element-f79edf8 e-flex e-con-boxed e-con e-parent\" data-id=\"f79edf8\" data-element_type=\"container\" data-settings=\"{&quot;_ha_eqh_enable&quot;:false}\">\n\t\t\t\t\t<div class=\"e-con-inner\">\n\t\t\t\t<div class=\"elementor-element elementor-element-ce5d3fe elementor-widget elementor-widget-google_maps\" data-id=\"ce5d3fe\" data-element_type=\"widget\" data-widget_type=\"google_maps.default\">\n\t\t\t\t<div class=\"elementor-widget-container\">\n\t\t\t\t\t\t\t<div class=\"elementor-custom-embed\">\n\t\t\t<iframe loading=\"lazy\"\n\t\t\t\t\tsrc=\"https:\/\/maps.google.com\/maps?q=Cl%C3%ADnica%20Popular%20do%20Brasil%2C%2046880-000%20Centro%2C%20Itaberaba%20-%20BA%2C%2046880-000&#038;t=m&#038;z=10&#038;output=embed&#038;iwloc=near\"\n\t\t\t\t\ttitle=\"Cl\u00ednica Popular do Brasil, 46880-000 Centro, Itaberaba - BA, 46880-000\"\n\t\t\t\t\taria-label=\"Cl\u00ednica Popular do Brasil, 46880-000 Centro, Itaberaba - BA, 46880-000\"\n\t\t\t><\/iframe>\n\t\t<\/div>\n\t\t\t\t\t\t<\/div>\n\t\t\t\t<\/div>\n\t\t\t\t\t<\/div>\n\t\t\t\t<\/div>\n\t\t\t\t<\/div>\n\t\t","protected":false},"excerpt":{"rendered":"<p>Sobre n\u00f3s A Cl\u00ednica Popular foi criada para oferecer servi\u00e7os de sa\u00fade de qualidade com pre\u00e7os acess\u00edveis, garantindo o cuidado que voc\u00ea e sua fam\u00edlia merecem, sem pesar no bolso. Com uma estrutura moderna e uma equipe qualificada, estamos prontos para atender \u00e0s suas necessidades com rapidez, efici\u00eancia e respeito. O que oferecemos: Consultas m\u00e9dicas: [&hellip;]<\/p>\n","protected":false},"author":1,"featured_media":0,"parent":0,"menu_order":0,"comment_status":"closed","ping_status":"closed","template":"","meta":{"footnotes":""},"class_list":["post-16","page","type-page","status-publish","hentry"],"_links":{"self":[{"href":"https:\/\/clinicapopulardobrasil.com.br\/index.php?rest_route=\/wp\/v2\/pages\/16","targetHints":{"allow":["GET"]}}],"collection":[{"href":"https:\/\/clinicapopulardobrasil.com.br\/index.php?rest_route=\/wp\/v2\/pages"}],"about":[{"href":"https:\/\/clinicapopulardobrasil.com.br\/index.php?rest_route=\/wp\/v2\/types\/page"}],"author":[{"embeddable":true,"href":"https:\/\/clinicapopulardobrasil.com.br\/index.php?rest_route=\/wp\/v2\/users\/1"}],"replies":[{"embeddable":true,"href":"https:\/\/clinicapopulardobrasil.com.br\/index.php?rest_route=%2Fwp%2Fv2%2Fcomments&post=16"}],"version-history":[{"count":7,"href":"https:\/\/clinicapopulardobrasil.com.br\/index.php?rest_route=\/wp\/v2\/pages\/16\/revisions"}],"predecessor-version":[{"id":99,"href":"https:\/\/clinicapopulardobrasil.com.br\/index.php?rest_route=\/wp\/v2\/pages\/16\/revisions\/99"}],"wp:attachment":[{"href":"https:\/\/clinicapopulardobrasil.com.br\/index.php?rest_route=%2Fwp%2Fv2%2Fmedia&parent=16"}],"curies":[{"name":"wp","href":"https:\/\/api.w.org\/{rel}","templated":true}]}}