{"id":18,"date":"2025-01-07T17:19:00","date_gmt":"2025-01-07T17:19:00","guid":{"rendered":"https:\/\/clinicapopulardobrasil.com.br\/?page_id=18"},"modified":"2025-01-27T12:10:28","modified_gmt":"2025-01-27T12:10:28","slug":"servicos","status":"publish","type":"page","link":"https:\/\/clinicapopulardobrasil.com.br\/?page_id=18","title":{"rendered":"Servi\u00e7os"},"content":{"rendered":"\t\t<div data-elementor-type=\"wp-page\" data-elementor-id=\"18\" class=\"elementor elementor-18\" data-elementor-settings=\"{&quot;ha_cmc_init_switcher&quot;:&quot;no&quot;}\">\n\t\t\t\t<div class=\"elementor-element elementor-element-3475dfa e-flex e-con-boxed e-con e-parent\" data-id=\"3475dfa\" data-element_type=\"container\" data-settings=\"{&quot;background_background&quot;:&quot;classic&quot;,&quot;_ha_eqh_enable&quot;:false}\">\n\t\t\t\t\t<div class=\"e-con-inner\">\n\t\t\t\t<div class=\"elementor-element elementor-element-99142a1 elementor-widget elementor-widget-heading\" data-id=\"99142a1\" data-element_type=\"widget\" data-widget_type=\"heading.default\">\n\t\t\t\t<div class=\"elementor-widget-container\">\n\t\t\t\t\t<h2 class=\"elementor-heading-title elementor-size-default\">CONHE\u00c7A NOSSOS SERVI\u00c7OS<\/h2>\t\t\t\t<\/div>\n\t\t\t\t<\/div>\n\t\t\t\t\t<\/div>\n\t\t\t\t<\/div>\n\t\t<div class=\"elementor-element elementor-element-b498489 e-flex e-con-boxed e-con e-parent\" data-id=\"b498489\" data-element_type=\"container\" data-settings=\"{&quot;_ha_eqh_enable&quot;:false}\">\n\t\t\t\t\t<div class=\"e-con-inner\">\n\t\t<div class=\"elementor-element elementor-element-e885747 e-con-full e-flex e-con e-child\" data-id=\"e885747\" data-element_type=\"container\" data-settings=\"{&quot;_ha_eqh_enable&quot;:false}\">\n\t\t\t\t<div class=\"elementor-element elementor-element-cd34c12 elementor-widget elementor-widget-image\" data-id=\"cd34c12\" data-element_type=\"widget\" data-widget_type=\"image.default\">\n\t\t\t\t<div class=\"elementor-widget-container\">\n\t\t\t\t\t\t\t\t\t\t\t\t\t\t\t<img fetchpriority=\"high\" decoding=\"async\" width=\"800\" height=\"450\" src=\"https:\/\/clinicapopulardobrasil.com.br\/wp-content\/uploads\/2025\/01\/mapa24-iccardio.jpg-1024x576.webp\" class=\"attachment-large size-large wp-image-101\" alt=\"\" srcset=\"https:\/\/clinicapopulardobrasil.com.br\/wp-content\/uploads\/2025\/01\/mapa24-iccardio.jpg-1024x576.webp 1024w, https:\/\/clinicapopulardobrasil.com.br\/wp-content\/uploads\/2025\/01\/mapa24-iccardio.jpg-300x169.webp 300w, https:\/\/clinicapopulardobrasil.com.br\/wp-content\/uploads\/2025\/01\/mapa24-iccardio.jpg-768x432.webp 768w, https:\/\/clinicapopulardobrasil.com.br\/wp-content\/uploads\/2025\/01\/mapa24-iccardio.jpg.webp 1280w\" sizes=\"(max-width: 800px) 100vw, 800px\" \/>\t\t\t\t\t\t\t\t\t\t\t\t\t\t\t<\/div>\n\t\t\t\t<\/div>\n\t\t\t\t<div class=\"elementor-element elementor-element-a714350 elementor-widget elementor-widget-heading\" data-id=\"a714350\" data-element_type=\"widget\" data-widget_type=\"heading.default\">\n\t\t\t\t<div class=\"elementor-widget-container\">\n\t\t\t\t\t<h2 class=\"elementor-heading-title elementor-size-default\">MAPA E HOLTER<\/h2>\t\t\t\t<\/div>\n\t\t\t\t<\/div>\n\t\t\t\t<div class=\"elementor-element elementor-element-c4f0415 elementor-widget elementor-widget-heading\" data-id=\"c4f0415\" data-element_type=\"widget\" data-widget_type=\"heading.default\">\n\t\t\t\t<div class=\"elementor-widget-container\">\n\t\t\t\t\t<h2 class=\"elementor-heading-title elementor-size-default\">Na Biocl\u00ednica, temos os melhores equipamentos para fazer o Monitoriza\u00e7\u00e3o ambulatorial de press\u00e3o arterial (M.A.P.A 24h) seguindo os padr\u00f5es internacionais de qualidade e sa\u00fade.<\/h2>\t\t\t\t<\/div>\n\t\t\t\t<\/div>\n\t\t\t\t<div class=\"elementor-element elementor-element-b84339b elementor-widget elementor-widget-button\" data-id=\"b84339b\" data-element_type=\"widget\" data-widget_type=\"button.default\">\n\t\t\t\t<div class=\"elementor-widget-container\">\n\t\t\t\t\t\t\t\t\t<div class=\"elementor-button-wrapper\">\n\t\t\t\t\t<a class=\"elementor-button elementor-button-link elementor-size-sm\" href=\"https:\/\/wa.me\/5575998393156?text=Ol%C3%A1%2C%20quero%20agendar%20uma%20consulta!\">\n\t\t\t\t\t\t<span class=\"elementor-button-content-wrapper\">\n\t\t\t\t\t\t\t\t\t<span class=\"elementor-button-text\">Agende agora!<\/span>\n\t\t\t\t\t<\/span>\n\t\t\t\t\t<\/a>\n\t\t\t\t<\/div>\n\t\t\t\t\t\t\t\t<\/div>\n\t\t\t\t<\/div>\n\t\t\t\t<\/div>\n\t\t<div class=\"elementor-element elementor-element-3535ba9 e-con-full e-flex e-con e-child\" data-id=\"3535ba9\" data-element_type=\"container\" data-settings=\"{&quot;_ha_eqh_enable&quot;:false}\">\n\t\t\t\t<div class=\"elementor-element elementor-element-b191567 elementor-widget__width-initial elementor-widget elementor-widget-image\" data-id=\"b191567\" data-element_type=\"widget\" data-widget_type=\"image.default\">\n\t\t\t\t<div class=\"elementor-widget-container\">\n\t\t\t\t\t\t\t\t\t\t\t\t\t\t\t<img decoding=\"async\" width=\"794\" height=\"542\" src=\"https:\/\/clinicapopulardobrasil.com.br\/wp-content\/uploads\/2025\/01\/interpretacao-de-raio-x-1.jpg\" class=\"attachment-large size-large wp-image-102\" alt=\"\" srcset=\"https:\/\/clinicapopulardobrasil.com.br\/wp-content\/uploads\/2025\/01\/interpretacao-de-raio-x-1.jpg 794w, https:\/\/clinicapopulardobrasil.com.br\/wp-content\/uploads\/2025\/01\/interpretacao-de-raio-x-1-300x205.jpg 300w, https:\/\/clinicapopulardobrasil.com.br\/wp-content\/uploads\/2025\/01\/interpretacao-de-raio-x-1-768x524.jpg 768w\" sizes=\"(max-width: 794px) 100vw, 794px\" \/>\t\t\t\t\t\t\t\t\t\t\t\t\t\t\t<\/div>\n\t\t\t\t<\/div>\n\t\t\t\t<div class=\"elementor-element elementor-element-c5818e8 elementor-widget elementor-widget-heading\" data-id=\"c5818e8\" data-element_type=\"widget\" data-widget_type=\"heading.default\">\n\t\t\t\t<div class=\"elementor-widget-container\">\n\t\t\t\t\t<h2 class=\"elementor-heading-title elementor-size-default\">RAIOS-X<\/h2>\t\t\t\t<\/div>\n\t\t\t\t<\/div>\n\t\t\t\t<div class=\"elementor-element elementor-element-517ed04 elementor-widget elementor-widget-heading\" data-id=\"517ed04\" data-element_type=\"widget\" data-widget_type=\"heading.default\">\n\t\t\t\t<div class=\"elementor-widget-container\">\n\t\t\t\t\t<h2 class=\"elementor-heading-title elementor-size-default\">Na Biocl\u00ednica, contamos com os melhores equipamentos para realizar exames de Raio-X, seguindo rigorosamente os padr\u00f5es internacionais de qualidade e sa\u00fade. Nossa tecnologia avan\u00e7ada permite obter imagens n\u00edtidas e precisas, essenciais para diagn\u00f3sticos r\u00e1pidos e confi\u00e1veis. Aqui, sua sa\u00fade est\u00e1 sempre em boas m\u00e3os, com seguran\u00e7a e efici\u00eancia garantidas.<\/h2>\t\t\t\t<\/div>\n\t\t\t\t<\/div>\n\t\t\t\t<div class=\"elementor-element elementor-element-e6f2f4e elementor-widget elementor-widget-button\" data-id=\"e6f2f4e\" data-element_type=\"widget\" data-widget_type=\"button.default\">\n\t\t\t\t<div class=\"elementor-widget-container\">\n\t\t\t\t\t\t\t\t\t<div class=\"elementor-button-wrapper\">\n\t\t\t\t\t<a class=\"elementor-button elementor-button-link elementor-size-sm\" href=\"https:\/\/wa.me\/5575998393156?text=Ol%C3%A1%2C%20quero%20agendar%20uma%20consulta!\">\n\t\t\t\t\t\t<span class=\"elementor-button-content-wrapper\">\n\t\t\t\t\t\t\t\t\t<span class=\"elementor-button-text\">Agende agora!<\/span>\n\t\t\t\t\t<\/span>\n\t\t\t\t\t<\/a>\n\t\t\t\t<\/div>\n\t\t\t\t\t\t\t\t<\/div>\n\t\t\t\t<\/div>\n\t\t\t\t<\/div>\n\t\t\t\t\t<\/div>\n\t\t\t\t<\/div>\n\t\t<div class=\"elementor-element elementor-element-6ac6df2 e-flex e-con-boxed e-con e-parent\" data-id=\"6ac6df2\" data-element_type=\"container\" data-settings=\"{&quot;_ha_eqh_enable&quot;:false}\">\n\t\t\t\t\t<div class=\"e-con-inner\">\n\t\t\t\t<div class=\"elementor-element elementor-element-3a3fbc9 elementor-widget-mobile__width-initial elementor-widget elementor-widget-heading\" data-id=\"3a3fbc9\" data-element_type=\"widget\" data-widget_type=\"heading.default\">\n\t\t\t\t<div class=\"elementor-widget-container\">\n\t\t\t\t\t<h2 class=\"elementor-heading-title elementor-size-default\">ENTRE EM CONTATO E AGENDE AGORA MESMO<\/h2>\t\t\t\t<\/div>\n\t\t\t\t<\/div>\n\t\t\t\t\t<\/div>\n\t\t\t\t<\/div>\n\t\t<div class=\"elementor-element elementor-element-1cdae02 e-flex e-con-boxed e-con e-parent\" data-id=\"1cdae02\" data-element_type=\"container\" data-settings=\"{&quot;background_background&quot;:&quot;classic&quot;,&quot;_ha_eqh_enable&quot;:false}\">\n\t\t\t\t\t<div class=\"e-con-inner\">\n\t\t<div class=\"elementor-element elementor-element-37f3e63 e-con-full e-flex e-con e-child\" data-id=\"37f3e63\" data-element_type=\"container\" data-settings=\"{&quot;_ha_eqh_enable&quot;:false}\">\n\t\t\t\t<div class=\"elementor-element elementor-element-381cc62 elementor-widget-tablet__width-initial elementor-widget-mobile__width-initial elementor-widget elementor-widget-image\" data-id=\"381cc62\" data-element_type=\"widget\" data-widget_type=\"image.default\">\n\t\t\t\t<div class=\"elementor-widget-container\">\n\t\t\t\t\t\t\t\t\t\t\t\t\t\t\t<img decoding=\"async\" width=\"800\" height=\"800\" src=\"https:\/\/clinicapopulardobrasil.com.br\/wp-content\/uploads\/2025\/01\/Copia-de-BANNER-SITE-1080-x-1080-px-1-1024x1024.png\" class=\"attachment-large size-large wp-image-107\" alt=\"\" srcset=\"https:\/\/clinicapopulardobrasil.com.br\/wp-content\/uploads\/2025\/01\/Copia-de-BANNER-SITE-1080-x-1080-px-1-1024x1024.png 1024w, https:\/\/clinicapopulardobrasil.com.br\/wp-content\/uploads\/2025\/01\/Copia-de-BANNER-SITE-1080-x-1080-px-1-300x300.png 300w, https:\/\/clinicapopulardobrasil.com.br\/wp-content\/uploads\/2025\/01\/Copia-de-BANNER-SITE-1080-x-1080-px-1-150x150.png 150w, https:\/\/clinicapopulardobrasil.com.br\/wp-content\/uploads\/2025\/01\/Copia-de-BANNER-SITE-1080-x-1080-px-1-768x768.png 768w, https:\/\/clinicapopulardobrasil.com.br\/wp-content\/uploads\/2025\/01\/Copia-de-BANNER-SITE-1080-x-1080-px-1.png 1080w\" sizes=\"(max-width: 800px) 100vw, 800px\" \/>\t\t\t\t\t\t\t\t\t\t\t\t\t\t\t<\/div>\n\t\t\t\t<\/div>\n\t\t\t\t<\/div>\n\t\t<div class=\"elementor-element elementor-element-26a6805 e-con-full e-flex e-con e-child\" data-id=\"26a6805\" data-element_type=\"container\" data-settings=\"{&quot;_ha_eqh_enable&quot;:false}\">\n\t\t\t\t<div class=\"elementor-element elementor-element-8f35232 elementor-widget__width-initial elementor-widget-tablet__width-initial elementor-widget elementor-widget-heading\" data-id=\"8f35232\" data-element_type=\"widget\" data-widget_type=\"heading.default\">\n\t\t\t\t<div class=\"elementor-widget-container\">\n\t\t\t\t\t<h2 class=\"elementor-heading-title elementor-size-default\">Entre em contato agora mesmo pelo nosso whatsapp<\/h2>\t\t\t\t<\/div>\n\t\t\t\t<\/div>\n\t\t\t\t<div class=\"elementor-element elementor-element-f8ccf8a elementor-widget elementor-widget-button\" data-id=\"f8ccf8a\" data-element_type=\"widget\" data-widget_type=\"button.default\">\n\t\t\t\t<div class=\"elementor-widget-container\">\n\t\t\t\t\t\t\t\t\t<div class=\"elementor-button-wrapper\">\n\t\t\t\t\t<a class=\"elementor-button elementor-button-link elementor-size-sm\" href=\"https:\/\/wa.me\/5575998393156?text=Ol%C3%A1%2C%20quero%20agendar%20uma%20consulta!\">\n\t\t\t\t\t\t<span class=\"elementor-button-content-wrapper\">\n\t\t\t\t\t\t<span class=\"elementor-button-icon\">\n\t\t\t\t<svg aria-hidden=\"true\" class=\"e-font-icon-svg e-fab-whatsapp\" viewBox=\"0 0 448 512\" xmlns=\"http:\/\/www.w3.org\/2000\/svg\"><path d=\"M380.9 97.1C339 55.1 283.2 32 223.9 32c-122.4 0-222 99.6-222 222 0 39.1 10.2 77.3 29.6 111L0 480l117.7-30.9c32.4 17.7 68.9 27 106.1 27h.1c122.3 0 224.1-99.6 224.1-222 0-59.3-25.2-115-67.1-157zm-157 341.6c-33.2 0-65.7-8.9-94-25.7l-6.7-4-69.8 18.3L72 359.2l-4.4-7c-18.5-29.4-28.2-63.3-28.2-98.2 0-101.7 82.8-184.5 184.6-184.5 49.3 0 95.6 19.2 130.4 54.1 34.8 34.9 56.2 81.2 56.1 130.5 0 101.8-84.9 184.6-186.6 184.6zm101.2-138.2c-5.5-2.8-32.8-16.2-37.9-18-5.1-1.9-8.8-2.8-12.5 2.8-3.7 5.6-14.3 18-17.6 21.8-3.2 3.7-6.5 4.2-12 1.4-32.6-16.3-54-29.1-75.5-66-5.7-9.8 5.7-9.1 16.3-30.3 1.8-3.7.9-6.9-.5-9.7-1.4-2.8-12.5-30.1-17.1-41.2-4.5-10.8-9.1-9.3-12.5-9.5-3.2-.2-6.9-.2-10.6-.2-3.7 0-9.7 1.4-14.8 6.9-5.1 5.6-19.4 19-19.4 46.3 0 27.3 19.9 53.7 22.6 57.4 2.8 3.7 39.1 59.7 94.8 83.8 35.2 15.2 49 16.5 66.6 13.9 10.7-1.6 32.8-13.4 37.4-26.4 4.6-13 4.6-24.1 3.2-26.4-1.3-2.5-5-3.9-10.5-6.6z\"><\/path><\/svg>\t\t\t<\/span>\n\t\t\t\t\t\t\t\t\t<span class=\"elementor-button-text\">Whatsapp<\/span>\n\t\t\t\t\t<\/span>\n\t\t\t\t\t<\/a>\n\t\t\t\t<\/div>\n\t\t\t\t\t\t\t\t<\/div>\n\t\t\t\t<\/div>\n\t\t\t\t<\/div>\n\t\t\t\t\t<\/div>\n\t\t\t\t<\/div>\n\t\t\t\t<\/div>\n\t\t","protected":false},"excerpt":{"rendered":"<p>CONHE\u00c7A NOSSOS SERVI\u00c7OS MAPA E HOLTER Na Biocl\u00ednica, temos os melhores equipamentos para fazer o Monitoriza\u00e7\u00e3o ambulatorial de press\u00e3o arterial (M.A.P.A 24h) seguindo os padr\u00f5es internacionais de qualidade e sa\u00fade. Agende agora! RAIOS-X Na Biocl\u00ednica, contamos com os melhores equipamentos para realizar exames de Raio-X, seguindo rigorosamente os padr\u00f5es internacionais de qualidade e sa\u00fade. Nossa [&hellip;]<\/p>\n","protected":false},"author":1,"featured_media":0,"parent":0,"menu_order":0,"comment_status":"closed","ping_status":"closed","template":"","meta":{"footnotes":""},"class_list":["post-18","page","type-page","status-publish","hentry"],"_links":{"self":[{"href":"https:\/\/clinicapopulardobrasil.com.br\/index.php?rest_route=\/wp\/v2\/pages\/18","targetHints":{"allow":["GET"]}}],"collection":[{"href":"https:\/\/clinicapopulardobrasil.com.br\/index.php?rest_route=\/wp\/v2\/pages"}],"about":[{"href":"https:\/\/clinicapopulardobrasil.com.br\/index.php?rest_route=\/wp\/v2\/types\/page"}],"author":[{"embeddable":true,"href":"https:\/\/clinicapopulardobrasil.com.br\/index.php?rest_route=\/wp\/v2\/users\/1"}],"replies":[{"embeddable":true,"href":"https:\/\/clinicapopulardobrasil.com.br\/index.php?rest_route=%2Fwp%2Fv2%2Fcomments&post=18"}],"version-history":[{"count":4,"href":"https:\/\/clinicapopulardobrasil.com.br\/index.php?rest_route=\/wp\/v2\/pages\/18\/revisions"}],"predecessor-version":[{"id":126,"href":"https:\/\/clinicapopulardobrasil.com.br\/index.php?rest_route=\/wp\/v2\/pages\/18\/revisions\/126"}],"wp:attachment":[{"href":"https:\/\/clinicapopulardobrasil.com.br\/index.php?rest_route=%2Fwp%2Fv2%2Fmedia&parent=18"}],"curies":[{"name":"wp","href":"https:\/\/api.w.org\/{rel}","templated":true}]}}